{"id":264,"date":"2023-10-26T16:10:36","date_gmt":"2023-10-26T14:10:36","guid":{"rendered":"https:\/\/visualdevices.de\/wp3\/?page_id=264"},"modified":"2023-11-06T14:24:38","modified_gmt":"2023-11-06T13:24:38","slug":"systementwicklung","status":"publish","type":"page","link":"https:\/\/visualdevices.de\/wp3\/systementwicklung\/","title":{"rendered":"Systementwicklung"},"content":{"rendered":"<div data-colibri-id=\"264-c1\" class=\"style-308 style-local-264-c1 position-relative\">\n  <!---->\n  <div data-colibri-component=\"section\" data-colibri-id=\"264-c2\" id=\"overlappable\" class=\"h-section h-section-global-spacing d-flex align-items-lg-center align-items-md-center align-items-center style-313 style-local-264-c2 position-relative\">\n    <!---->\n    <!---->\n    <div class=\"h-section-grid-container h-section-boxed-container\">\n      <!---->\n      <div data-colibri-id=\"264-c3\" class=\"h-row-container gutters-row-lg-0 gutters-row-md-0 gutters-row-2 gutters-row-v-lg-0 gutters-row-v-md-0 gutters-row-v-2 style-314 style-local-264-c3 position-relative\">\n        <!---->\n        <div class=\"h-row justify-content-lg-center justify-content-md-center justify-content-center align-items-lg-stretch align-items-md-stretch align-items-stretch gutters-col-lg-0 gutters-col-md-0 gutters-col-2 gutters-col-v-lg-0 gutters-col-v-md-0 gutters-col-v-2\">\n          <!---->\n          <div class=\"h-column h-column-container d-flex h-col-lg-3 h-col-md-3 h-col-12 style-315-outer style-local-264-c4-outer\">\n            <div data-colibri-id=\"264-c4\" class=\"d-flex h-flex-basis h-column__inner h-px-lg-3 h-px-md-3 h-px-2 v-inner-lg-3 v-inner-md-3 v-inner-2 style-315 style-local-264-c4 position-relative\">\n              <!---->\n              <!---->\n              <div class=\"w-100 h-y-container h-column__content h-column__v-align flex-basis-100 align-self-lg-center align-self-md-center align-self-center\">\n                <!---->\n                <div data-colibri-id=\"264-c5\" class=\"h-icon style-316 style-local-264-c5 position-relative h-element\">\n                  <!----><span class=\"h-svg-icon h-icon__icon style-316-icon style-local-264-c5-icon\"><!--Icon by Font Awesome (https:\/\/fontawesome.com)-->\n    <svg version=\"1.1\" xmlns=\"http:\/\/www.w3.org\/2000\/svg\" xmlns:xlink=\"http:\/\/www.w3.org\/1999\/xlink\" id=\"linux\" viewBox=\"0 0 1536 1896.0833\">\n      <path d=\"M663 411q-11 1-15.5 10.5T639 431q-5 1-5-5 0-12 19-15h10zm87 14q-4 1-11.5-6.5T721 414q24-11 32 2 3 6-3 9zM399 852q-4-1-6 3t-4.5 12.5T383 881t-10 13q-10 11-1 12 4 1 12.5-7t12.5-18q1-3 2-7t2-6 1.5-4.5.5-4v-3l-1-2.5-3-2zm855 359q0-18-55-42 4-15 7.5-27.5t5-26 3-21.5.5-22.5-1-19.5-3.5-22-4-20.5-5-25-5.5-26.5q-10-48-47-103t-72-75q24 20 57 83 87 162 54 278-11 40-50 42-31 4-38.5-18.5t-8-83.5-11.5-107q-9-39-19.5-69t-19.5-45.5-15.5-24.5-13-15-7.5-7q-14-62-31-103t-29.5-56-23.5-33-15-40q-4-21 6-53.5t4.5-49.5-44.5-25q-15-3-44.5-18T792 419q-8-1-11-26t8-51 36-27q37-3 51 30t4 58q-11 19-2 26.5t30 .5q13-4 13-36v-37q-5-30-13.5-50t-21-30.5-23.5-15-27-7.5q-107 8-89 134 0 15-1 15-9-9-29.5-10.5t-33 .5-15.5-5q1-57-16-90t-45-34q-27-1-41.5 27.5T549 351q-1 15 3.5 37t13 37.5T581 439q10-3 16-14 4-9-7-8-7 0-15.5-14.5T565 369q-1-22 9-37t34-14q17 0 27 21t9.5 39-1.5 22q-22 15-31 29-8 12-27.5 23.5T564 465q-13 14-15.5 27t7.5 18q14 8 25 19.5t16 19 18.5 13T651 568q47 2 102-15 2-1 23-7t34.5-10.5 29.5-13 21-17.5q9-14 20-8 5 3 6.5 8.5t-3 12T868 527q-20 6-56.5 21.5T766 568q-44 19-70 23-25 5-79-2-10-2-9 2t17 19q25 23 67 22 17-1 36-7t36-14 33.5-17.5 30-17 24.5-12 17.5-2.5 8.5 11q0 2-1 4.5t-4 5-6 4.5-8.5 5-9 4.5-10 5-9.5 4.5q-28 14-67.5 44T696 693t-49 1q-21-11-63-73-22-31-25-22-1 3-1 10 0 25-15 56.5T513.5 721t-21 58 11.5 63q-23 6-62.5 90T394 1073q-2 18-1.5 69t-5.5 59q-8 24-29 3-32-31-36-94-2-28 4-56 4-19-1-18-2 1-4 5-36 65 10 166 5 12 25 28t24 20q20 23 104 90.5t93 76.5q16 15 17.5 38t-14 43-45.5 23q8 15 29 44.5t28 54 7 70.5q46-24 7-92-4-8-10.5-16t-9.5-12-2-6q3-5 13-9.5t20 2.5q46 52 166 36 133-15 177-87 23-38 34-30 12 6 10 52-1 25-23 92-9 23-6 37.5t24 15.5q3-19 14.5-77t13.5-90q2-21-6.5-73.5t-7.5-97 23-70.5q15-18 51-18 1-37 34.5-53t72.5-10.5 60 22.5zM626 384q3-17-2.5-30T612 339q-9-2-9 7 2 5 5 6 10 0 7 15-3 20 8 20 3 0 3-3zm419 197q-2-8-6.5-11.5t-13-5-14.5-5.5q-5-3-9.5-8t-7-8-5.5-6.5-4-4-4 1.5q-14 16 7 43.5t39 31.5q9 1 14.5-8t3.5-20zM867 368q0-11-5-19.5T851 336t-9-3q-6 0-8 2t0 4 5 3q14 4 18 31 0 3 8-2 2-2 2-3zm54-233q0-2-2.5-5t-9-7-9.5-6q-15-15-24-15-9 1-11.5 7.5t-1 13-.5 12.5q-1 4-6 10.5t-6 9 3 8.5q4 3 8 0t11-9 15-9q1-1 9-1t15-2 9-7zm565 1341q20 12 31 24.5t12 24-2.5 22.5-15.5 22-23.5 19.5-30 18.5-31.5 16.5-32 15.5-27 13q-38 19-85.5 56t-75.5 64q-17 16-68 19.5t-89-14.5q-18-9-29.5-23.5T1003 1728t-22-19.5-47-9.5q-44-1-130-1-19 0-57 1.5t-58 2.5q-44 1-79.5 15t-53.5 30-43.5 28.5T459 1787q-29-1-111-31t-146-43q-19-4-51-9.5t-50-9-39.5-9.5-33.5-14.5-17-19.5q-10-23 7-66.5t18-54.5q1-16-4-40t-10-42.5-4.5-36.5 10.5-27q14-12 57-14t60-12q30-18 42-35t12-51q21 73-32 106-32 20-83 15-34-3-43 10-13 15 5 57 2 6 8 18t8.5 18 4.5 17 1 22q0 15-17 49t-14 48q3 17 37 26 20 6 84.5 18.5T258 1697q24 6 74 22t82.5 23 55.5 4q43-6 64.5-28t23-48-7.5-58.5-19-52-20-36.5q-121-190-169-242-68-74-113-40-11 9-15-15-3-16-2-38 1-29 10-52t24-47 22-42q8-21 26.5-72t29.5-78 30-61 39-54q110-143 124-195-12-112-16-310-2-90 24-151.5T631 21Q670 0 735 0q53-1 106 13.5T930 55q57 42 91.5 121.5T1051 324q-5 95 30 214 34 113 133 218 55 59 99.5 163t59.5 191q8 49 5 84.5t-12 55.5-20 22q-10 2-23.5 19t-27 35.5-40.5 33.5-61 14q-18-1-31.5-5t-22.5-13.5-13.5-15.5-11.5-20.5-9-19.5q-22-37-41-30t-28 49 7 97q20 70 1 195-10 65 18 100.5t73 33 85-35.5q59-49 89.5-66.5T1414 1600q53-18 77-36.5t18.5-34.5-25-28.5-51.5-23.5q-33-11-49.5-48t-15-72.5 15.5-47.5q1 31 8 56.5t14.5 40.5 20.5 28.5 21 19 21.5 13 16.5 9.5z\"><\/path>\n    <\/svg><\/span><\/div>\n                <div data-colibri-id=\"264-c6\" class=\"h-global-transition-all h-heading style-317 style-local-264-c6 position-relative h-element\">\n                  <!---->\n                  <div class=\"h-heading__outer style-317 style-local-264-c6\">\n                    <!---->\n                    <!---->\n                    <h5 class=\"\">Embedded\n                      <br>Linux<\/h5>\n                  <\/div>\n                <\/div>\n                <div data-colibri-id=\"264-c7\" class=\"h-text h-text-component style-318 style-local-264-c7 position-relative h-element\">\n                  <!---->\n                  <!---->\n                  <div class=\"\">\n                    <p>Echtzeit-Erweiterungen z.B. preemptRT &amp; Scheduling\n                      <br>\n                    <\/p>\n                  <\/div>\n                <\/div>\n              <\/div>\n            <\/div>\n          <\/div>\n          <div class=\"h-column h-column-container d-flex h-col-lg-3 h-col-md-3 h-col-12 style-315-outer style-local-264-c8-outer\">\n            <div data-colibri-id=\"264-c8\" class=\"d-flex h-flex-basis h-column__inner h-px-lg-3 h-px-md-3 h-px-2 v-inner-lg-3 v-inner-md-3 v-inner-2 style-315 style-local-264-c8 position-relative\">\n              <!---->\n              <!---->\n              <div class=\"w-100 h-y-container h-column__content h-column__v-align flex-basis-100 align-self-lg-center align-self-md-center align-self-center\">\n                <!---->\n                <div data-colibri-id=\"264-c9\" class=\"h-icon style-316 style-local-264-c9 position-relative h-element\">\n                  <!----><span class=\"h-svg-icon h-icon__icon style-316-icon style-local-264-c9-icon\"><!--Icon by Ionicons (https:\/\/ionicons.com)--><svg version=\"1.1\" xmlns=\"http:\/\/www.w3.org\/2000\/svg\" xmlns:xlink=\"http:\/\/www.w3.org\/1999\/xlink\" id=\"network\" viewBox=\"0 0 384 512\"><path d=\"M384 96c0 24-13 44-32 55v93l-128 64v53c19 11 32 31 32 55 0 35-29 64-64 64s-64-29-64-64c0-24 13-44 32-55v-53L32 244v-93C13 140 0 120 0 96c0-35 29-64 64-64s64 29 64 64c0 24-13 44-32 55v53l96 48 96-48v-53c-19-11-32-31-32-55 0-35 29-64 64-64s64 29 64 64zM64 64c-18 0-32 14-32 32s14 32 32 32 32-14 32-32-14-32-32-32zm128 384c18 0 32-14 32-32s-14-32-32-32-32 14-32 32 14 32 32 32zm128-320c18 0 32-14 32-32s-14-32-32-32-32 14-32 32 14 32 32 32z\"><\/path><\/svg><\/span><\/div>\n                <div\n                  data-colibri-id=\"264-c10\" class=\"h-global-transition-all h-heading style-317 style-local-264-c10 position-relative h-element\">\n                  <!---->\n                  <div class=\"h-heading__outer style-317 style-local-264-c10\">\n                    <!---->\n                    <!---->\n                    <h5 class=\"\">Hardware-Schnittstellen<\/h5>\n                  <\/div>\n              <\/div>\n              <div data-colibri-id=\"264-c11\" class=\"h-text h-text-component style-318 style-local-264-c11 position-relative h-element\">\n                <!---->\n                <!---->\n                <div class=\"\">\n                  <p>SPI, I2C, IO&#8217;s, CAN,\n                    <br>Profibus,&#8230;\n                    <br>\n                  <\/p>\n                <\/div>\n              <\/div>\n            <\/div>\n          <\/div>\n        <\/div>\n        <div class=\"h-column h-column-container d-flex h-col-lg-3 h-col-md-3 h-col-12 style-315-outer style-local-264-c12-outer\">\n          <div data-colibri-id=\"264-c12\" class=\"d-flex h-flex-basis h-column__inner h-px-lg-3 h-px-md-3 h-px-2 v-inner-lg-3 v-inner-md-3 v-inner-2 style-315 style-local-264-c12 position-relative\">\n            <!---->\n            <!---->\n            <div class=\"w-100 h-y-container h-column__content h-column__v-align flex-basis-100 align-self-lg-center align-self-md-center align-self-center\">\n              <!---->\n              <div data-colibri-id=\"264-c13\" class=\"h-icon style-316 style-local-264-c13 position-relative h-element\">\n                <!----><span class=\"h-svg-icon h-icon__icon style-316-icon style-local-264-c13-icon\"><!--Icon by Font Awesome (https:\/\/fontawesome.com)-->\n    <svg version=\"1.1\" xmlns=\"http:\/\/www.w3.org\/2000\/svg\" xmlns:xlink=\"http:\/\/www.w3.org\/1999\/xlink\" id=\"th\" viewBox=\"0 0 1792 1896.0833\">\n      <path d=\"M512 1248v192q0 40-28 68t-68 28H96q-40 0-68-28t-28-68v-192q0-40 28-68t68-28h320q40 0 68 28t28 68zm0-512v192q0 40-28 68t-68 28H96q-40 0-68-28T0 928V736q0-40 28-68t68-28h320q40 0 68 28t28 68zm640 512v192q0 40-28 68t-68 28H736q-40 0-68-28t-28-68v-192q0-40 28-68t68-28h320q40 0 68 28t28 68zM512 224v192q0 40-28 68t-68 28H96q-40 0-68-28T0 416V224q0-40 28-68t68-28h320q40 0 68 28t28 68zm640 512v192q0 40-28 68t-68 28H736q-40 0-68-28t-28-68V736q0-40 28-68t68-28h320q40 0 68 28t28 68zm640 512v192q0 40-28 68t-68 28h-320q-40 0-68-28t-28-68v-192q0-40 28-68t68-28h320q40 0 68 28t28 68zM1152 224v192q0 40-28 68t-68 28H736q-40 0-68-28t-28-68V224q0-40 28-68t68-28h320q40 0 68 28t28 68zm640 512v192q0 40-28 68t-68 28h-320q-40 0-68-28t-28-68V736q0-40 28-68t68-28h320q40 0 68 28t28 68zm0-512v192q0 40-28 68t-68 28h-320q-40 0-68-28t-28-68V224q0-40 28-68t68-28h320q40 0 68 28t28 68z\"><\/path>\n    <\/svg><\/span><\/div>\n              <div data-colibri-id=\"264-c14\" class=\"h-global-transition-all h-heading style-317 style-local-264-c14 position-relative h-element\">\n                <!---->\n                <div class=\"h-heading__outer style-317 style-local-264-c14\">\n                  <!---->\n                  <!---->\n                  <h5 class=\"\">Kommunikation<\/h5>\n                <\/div>\n              <\/div>\n              <div data-colibri-id=\"264-c15\" class=\"h-text h-text-component style-318 style-local-264-c15 position-relative h-element\">\n                <!---->\n                <!---->\n                <div class=\"\">\n                  <p>\n                    <br>Ethernet (TCP\/IP, UDP\/IP, RTP,&nbsp;RPC Mechanismen) OPC UA\n                    <br>\n                  <\/p>\n                <\/div>\n              <\/div>\n            <\/div>\n          <\/div>\n        <\/div>\n        <div class=\"h-column h-column-container d-flex h-col-lg-3 h-col-md-3 h-col-12 style-319-outer style-local-264-c16-outer\">\n          <div data-colibri-id=\"264-c16\" class=\"d-flex h-flex-basis h-column__inner h-px-lg-3 h-px-md-3 h-px-2 v-inner-lg-3 v-inner-md-3 v-inner-2 style-319 style-local-264-c16 position-relative\">\n            <!---->\n            <!---->\n            <div class=\"w-100 h-y-container h-column__content h-column__v-align flex-basis-100 align-self-lg-center align-self-md-center align-self-center\">\n              <!---->\n              <div data-colibri-id=\"264-c17\" class=\"h-icon style-316 style-local-264-c17 position-relative h-element\">\n                <!----><span class=\"h-svg-icon h-icon__icon style-316-icon style-local-264-c17-icon\"><!--Icon by Font Awesome (https:\/\/fontawesome.com)-->\n    <svg version=\"1.1\" xmlns=\"http:\/\/www.w3.org\/2000\/svg\" xmlns:xlink=\"http:\/\/www.w3.org\/1999\/xlink\" id=\"laptop\" viewBox=\"0 0 1920 1896.0833\">\n      <path d=\"M416 1280q-66 0-113-47t-47-113V416q0-66 47-113t113-47h1088q66 0 113 47t47 113v704q0 66-47 113t-113 47H416zm-32-864v704q0 13 9.5 22.5t22.5 9.5h1088q13 0 22.5-9.5t9.5-22.5V416q0-13-9.5-22.5T1504 384H416q-13 0-22.5 9.5T384 416zm1376 928h160v96q0 40-47 68t-113 28H160q-66 0-113-28t-47-68v-96h1760zm-720 96q16 0 16-16t-16-16H880q-16 0-16 16t16 16h160z\"><\/path>\n    <\/svg><\/span><\/div>\n              <div data-colibri-id=\"264-c18\" class=\"h-global-transition-all h-heading style-317 style-local-264-c18 position-relative h-element\">\n                <!---->\n                <div class=\"h-heading__outer style-317 style-local-264-c18\">\n                  <!---->\n                  <!---->\n                  <h5 class=\"\">Anzeige<\/h5>\n                <\/div>\n              <\/div>\n              <div data-colibri-id=\"264-c19\" class=\"h-text h-text-component style-318 style-local-264-c19 position-relative h-element\">\n                <!---->\n                <!---->\n                <div class=\"\">\n                  <p><span style=\"font-weight: 400; font-size: 16px; font-family: Open Sans; color: rgb(70, 112, 127);\"><br>Webapps, Qt, <br>Serverlogik<br><\/span><\/p>\n                <\/div>\n              <\/div>\n            <\/div>\n          <\/div>\n        <\/div>\n      <\/div>\n    <\/div>\n  <\/div>\n<\/div>\n<div data-colibri-component=\"section\" data-colibri-id=\"264-c20\" id=\"about\" class=\"h-section h-section-global-spacing d-flex align-items-lg-center align-items-md-center align-items-center style-333 style-local-264-c20 position-relative\">\n  <!---->\n  <!---->\n  <div class=\"h-section-grid-container h-section-boxed-container\">\n    <!---->\n    <div data-colibri-id=\"264-c21\" class=\"h-row-container gutters-row-lg-0 gutters-row-md-0 gutters-row-0 gutters-row-v-lg-0 gutters-row-v-md-0 gutters-row-v-0 style-334 style-local-264-c21 position-relative\">\n      <!---->\n      <div class=\"h-row justify-content-lg-center justify-content-md-center justify-content-center align-items-lg-stretch align-items-md-stretch align-items-stretch gutters-col-lg-0 gutters-col-md-0 gutters-col-0 gutters-col-v-lg-0 gutters-col-v-md-0 gutters-col-v-0\">\n        <!---->\n        <div class=\"h-column h-column-container d-flex h-col-lg-auto h-col-md-auto h-col-auto style-335-outer style-local-264-c22-outer\">\n          <div data-colibri-id=\"264-c22\" class=\"d-flex h-flex-basis h-column__inner h-px-lg-0 h-px-md-0 h-px-0 v-inner-lg-0 v-inner-md-0 v-inner-0 style-335 style-local-264-c22 position-relative\">\n            <!---->\n            <!---->\n            <div class=\"w-100 h-y-container h-column__content h-column__v-align flex-basis-100 align-self-lg-start align-self-md-start align-self-start\">\n              <!---->\n              <div data-colibri-id=\"264-c23\" class=\"h-global-transition-all h-heading style-336 style-local-264-c23 position-relative h-element\">\n                <!---->\n                <div class=\"h-heading__outer style-336 style-local-264-c23\">\n                  <!---->\n                  <!---->\n                  <h5 class=\"\">Praxisbeispiel Embedded Linux<\/h5>\n                <\/div>\n              <\/div>\n              <div data-colibri-id=\"264-c24\" class=\"h-global-transition-all h-heading style-337 style-local-264-c24 position-relative h-element\">\n                <!---->\n                <div class=\"h-heading__outer style-337 style-local-264-c24\">\n                  <!---->\n                  <!---->\n                  <h2 class=\"\">Echtzeit-\u00fcberwachung von Signalen<\/h2>\n                <\/div>\n              <\/div>\n              <div data-colibri-id=\"264-c25\" class=\"h-text h-text-component style-338 style-local-264-c25 position-relative h-element\">\n                <!---->\n                <!---->\n                <div class=\"\">\n                  <p>Auf einer embedded Linux Hardware wird ein AD-Wandler in \u00e4quidistanten Zeitabst\u00e4nden abgetastet und ein Algorithmus bewertet die Signalform in Echtzeit.\n                    <br>\n                  <\/p>\n                <\/div>\n              <\/div>\n            <\/div>\n          <\/div>\n        <\/div>\n        <div class=\"h-column h-column-container d-flex h-col-lg-auto h-col-md-auto h-col-auto style-339-outer style-local-264-c26-outer\">\n          <div data-colibri-id=\"264-c26\" class=\"d-flex h-flex-basis h-column__inner h-ui-empty-state-container h-px-lg-2 h-px-md-2 h-px-2 v-inner-lg-2 v-inner-md-2 v-inner-2 style-339 style-local-264-c26 position-relative\">\n            <!---->\n            <!---->\n            <div class=\"w-100 h-y-container h-column__content h-column__v-align flex-basis-100\">\n              <!---->\n            <\/div>\n          <\/div>\n        <\/div>\n      <\/div>\n    <\/div>\n  <\/div>\n<\/div>\n<div data-colibri-component=\"section\" data-colibri-id=\"264-c27\" id=\"about-2\" class=\"h-section h-section-global-spacing d-flex align-items-lg-center align-items-md-center align-items-center style-340 style-local-264-c27 position-relative\">\n  <!---->\n  <!---->\n  <div class=\"h-section-grid-container h-section-boxed-container\">\n    <!---->\n    <div data-colibri-id=\"264-c28\" class=\"h-row-container gutters-row-lg-0 gutters-row-md-0 gutters-row-0 gutters-row-v-lg-0 gutters-row-v-md-0 gutters-row-v-0 style-341 style-local-264-c28 position-relative\">\n      <!---->\n      <div class=\"h-row justify-content-lg-center justify-content-md-center justify-content-center align-items-lg-stretch align-items-md-stretch align-items-stretch gutters-col-lg-0 gutters-col-md-0 gutters-col-0 gutters-col-v-lg-0 gutters-col-v-md-0 gutters-col-v-0\">\n        <!---->\n        <div class=\"h-column h-column-container d-flex h-col-lg-auto h-col-md-auto h-col-auto style-342-outer style-local-264-c29-outer\">\n          <div data-colibri-id=\"264-c29\" class=\"d-flex h-flex-basis h-column__inner h-ui-empty-state-container h-px-lg-0 h-px-md-0 h-px-0 v-inner-lg-0 v-inner-md-0 v-inner-0 style-342 style-local-264-c29 position-relative\">\n            <!---->\n            <!---->\n            <div class=\"w-100 h-y-container h-column__content h-column__v-align flex-basis-100\">\n              <!---->\n            <\/div>\n          <\/div>\n        <\/div>\n        <div class=\"h-column h-column-container d-flex h-col-lg-auto h-col-md-auto h-col-auto style-343-outer style-local-264-c30-outer\">\n          <div data-colibri-id=\"264-c30\" class=\"d-flex h-flex-basis h-column__inner h-px-lg-2 h-px-md-2 h-px-2 v-inner-lg-2 v-inner-md-2 v-inner-2 style-343 style-local-264-c30 position-relative\">\n            <!---->\n            <!---->\n            <div class=\"w-100 h-y-container h-column__content h-column__v-align flex-basis-100 align-self-lg-start align-self-md-start align-self-start\">\n              <!---->\n              <div data-colibri-id=\"264-c31\" class=\"h-global-transition-all h-heading style-344 style-local-264-c31 position-relative h-element\">\n                <!---->\n                <div class=\"h-heading__outer style-344 style-local-264-c31\">\n                  <!---->\n                  <!---->\n                  <h5 class=\"\">Praxisbeispiel Embedded Linux<\/h5>\n                <\/div>\n              <\/div>\n              <div data-colibri-id=\"264-c32\" class=\"h-global-transition-all h-heading style-345 style-local-264-c32 position-relative h-element\">\n                <!---->\n                <div class=\"h-heading__outer style-345 style-local-264-c32\">\n                  <!---->\n                  <!---->\n                  <h2 class=\"\">Signalauswertung<\/h2>\n                <\/div>\n              <\/div>\n              <div data-colibri-id=\"264-c33\" class=\"h-text h-text-component style-346 style-local-264-c33 position-relative h-element\">\n                <!---->\n                <!---->\n                <div class=\"\">\n                  <p>Aufgezeichnete Signale werden in Echtzeit mit abgetasteten Signalen verglichen und g\u00f6\u00dfere Abweichungen werden im Signalverlauf markiert. Die Anzeige erfolgt \u00fcber eine Web-Oberfl\u00e4che und ist damit unabh\u00e4ngig vom verwendeten Betriebssystem\n                    des Clients (WebApps).\n                    <br>\n                  <\/p>\n                <\/div>\n              <\/div>\n            <\/div>\n          <\/div>\n        <\/div>\n      <\/div>\n    <\/div>\n  <\/div>\n<\/div>\n<\/div>","protected":false},"excerpt":{"rendered":"<p>Embedded Linux Echtzeit-Erweiterungen z.B. preemptRT &amp; Scheduling Hardware-Schnittstellen SPI, I2C, IO&#8217;s, CAN, Profibus,&#8230; Kommunikation Ethernet (TCP\/IP, UDP\/IP, RTP,&nbsp;RPC Mechanismen) OPC UA Anzeige Webapps, Qt, Serverlogik Praxisbeispiel Embedded Linux Echtzeit-\u00fcberwachung von Signalen Auf einer embedded Linux Hardware wird ein AD-Wandler in \u00e4quidistanten Zeitabst\u00e4nden abgetastet und ein Algorithmus bewertet die Signalform in Echtzeit. Praxisbeispiel Embedded Linux Signalauswertung [&hellip;]<\/p>\n","protected":false},"author":1,"featured_media":0,"parent":0,"menu_order":0,"comment_status":"closed","ping_status":"closed","template":"page-templates\/full-width-page.php","meta":{"footnotes":""},"class_list":["post-264","page","type-page","status-publish","hentry"],"_links":{"self":[{"href":"https:\/\/visualdevices.de\/wp3\/wp-json\/wp\/v2\/pages\/264","targetHints":{"allow":["GET"]}}],"collection":[{"href":"https:\/\/visualdevices.de\/wp3\/wp-json\/wp\/v2\/pages"}],"about":[{"href":"https:\/\/visualdevices.de\/wp3\/wp-json\/wp\/v2\/types\/page"}],"author":[{"embeddable":true,"href":"https:\/\/visualdevices.de\/wp3\/wp-json\/wp\/v2\/users\/1"}],"replies":[{"embeddable":true,"href":"https:\/\/visualdevices.de\/wp3\/wp-json\/wp\/v2\/comments?post=264"}],"version-history":[{"count":10,"href":"https:\/\/visualdevices.de\/wp3\/wp-json\/wp\/v2\/pages\/264\/revisions"}],"predecessor-version":[{"id":652,"href":"https:\/\/visualdevices.de\/wp3\/wp-json\/wp\/v2\/pages\/264\/revisions\/652"}],"wp:attachment":[{"href":"https:\/\/visualdevices.de\/wp3\/wp-json\/wp\/v2\/media?parent=264"}],"curies":[{"name":"wp","href":"https:\/\/api.w.org\/{rel}","templated":true}]}}